{"id":42,"date":"2026-02-20T13:35:27","date_gmt":"2026-02-20T13:35:27","guid":{"rendered":"https:\/\/nuvani.shop\/galerie\/"},"modified":"2026-02-20T14:11:25","modified_gmt":"2026-02-20T14:11:25","slug":"galerie","status":"publish","type":"page","link":"https:\/\/nuvani.shop\/en\/galerie\/","title":{"rendered":"Galerie"},"content":{"rendered":"<div class=\"wp-block-group alignfull is-style-ext-preset--group--natural-1--section has-background-background-color has-background has-global-padding is-layout-constrained wp-container-core-group-is-layout-f72f1611 wp-block-group-is-layout-constrained is-style-ext-preset--group--natural-1--section--1\" id=\"galerie\" style=\"margin-top:0;margin-bottom:0;padding-top:var(--wp--preset--spacing--70);padding-bottom:var(--wp--preset--spacing--70)\">\n<div class=\"wp-block-group alignwide is-vertical is-layout-flex wp-container-core-group-is-layout-c35747d5 wp-block-group-is-layout-flex\">\n<div class=\"wp-block-group has-global-padding is-layout-constrained wp-container-core-group-is-layout-5e05634a wp-block-group-is-layout-constrained\">\n<h2 class=\"wp-block-heading\">A sign of style and success<\/h2>\n\n\n\n<p class=\"has-text-align-left\">Discover a gallery that impressively showcases the elegance and splendour of our gold jewellery.<\/p>\n<\/div>\n<\/div>\n\n\n\n<div class=\"wp-block-columns alignwide are-vertically-aligned-top is-layout-flex wp-container-core-columns-is-layout-87beb0d0 wp-block-columns-is-layout-flex\">\n<div class=\"wp-block-column is-vertically-aligned-top is-layout-flow wp-container-core-column-is-layout-f5bb311e wp-block-column-is-layout-flow\">\n<figure class=\"wp-block-image is-style-ext-preset--image--natural-1--image-1--content-bottom is-style-ext-preset--image--natural-1--image-1--content-bottom--2\"><img loading=\"lazy\" decoding=\"async\" width=\"1440\" height=\"960\" class=\"wp-image-74\" src=\"https:\/\/nuvani.shop\/wp-content\/uploads\/2026\/02\/bd1f5688998ef444806defeda46c93c05316982d.jpg\" alt=\"\" style=\"aspect-ratio:1;object-fit:cover\" srcset=\"https:\/\/nuvani.shop\/wp-content\/uploads\/2026\/02\/bd1f5688998ef444806defeda46c93c05316982d.jpg 1440w, https:\/\/nuvani.shop\/wp-content\/uploads\/2026\/02\/bd1f5688998ef444806defeda46c93c05316982d-300x200.jpg 300w, https:\/\/nuvani.shop\/wp-content\/uploads\/2026\/02\/bd1f5688998ef444806defeda46c93c05316982d-1024x683.jpg 1024w, https:\/\/nuvani.shop\/wp-content\/uploads\/2026\/02\/bd1f5688998ef444806defeda46c93c05316982d-768x512.jpg 768w, https:\/\/nuvani.shop\/wp-content\/uploads\/2026\/02\/bd1f5688998ef444806defeda46c93c05316982d-18x12.jpg 18w, https:\/\/nuvani.shop\/wp-content\/uploads\/2026\/02\/bd1f5688998ef444806defeda46c93c05316982d-600x400.jpg 600w\" sizes=\"auto, (max-width: 1440px) 100vw, 1440px\" \/><\/figure>\n\n\n\n<figure class=\"wp-block-image is-style-ext-preset--image--natural-1--image-1--content-bottom is-style-ext-preset--image--natural-1--image-1--content-bottom--3\"><img loading=\"lazy\" decoding=\"async\" width=\"1440\" height=\"1152\" class=\"wp-image-76\" src=\"https:\/\/nuvani.shop\/wp-content\/uploads\/2026\/02\/7a8fa8574e740c5c813205bbc76199e134d4b51c.jpg\" alt=\"\" style=\"aspect-ratio:1;object-fit:cover\" srcset=\"https:\/\/nuvani.shop\/wp-content\/uploads\/2026\/02\/7a8fa8574e740c5c813205bbc76199e134d4b51c.jpg 1440w, https:\/\/nuvani.shop\/wp-content\/uploads\/2026\/02\/7a8fa8574e740c5c813205bbc76199e134d4b51c-300x240.jpg 300w, https:\/\/nuvani.shop\/wp-content\/uploads\/2026\/02\/7a8fa8574e740c5c813205bbc76199e134d4b51c-1024x819.jpg 1024w, https:\/\/nuvani.shop\/wp-content\/uploads\/2026\/02\/7a8fa8574e740c5c813205bbc76199e134d4b51c-768x614.jpg 768w, https:\/\/nuvani.shop\/wp-content\/uploads\/2026\/02\/7a8fa8574e740c5c813205bbc76199e134d4b51c-15x12.jpg 15w, https:\/\/nuvani.shop\/wp-content\/uploads\/2026\/02\/7a8fa8574e740c5c813205bbc76199e134d4b51c-600x480.jpg 600w\" sizes=\"auto, (max-width: 1440px) 100vw, 1440px\" \/><\/figure>\n<\/div>\n\n\n\n<div class=\"wp-block-column is-vertically-aligned-top is-layout-flow wp-container-core-column-is-layout-f5bb311e wp-block-column-is-layout-flow\">\n<figure class=\"wp-block-image is-style-ext-preset--image--natural-1--image-1--content-bottom is-style-ext-preset--image--natural-1--image-1--content-bottom--4\"><img loading=\"lazy\" decoding=\"async\" width=\"960\" height=\"1440\" class=\"wp-image-77\" src=\"https:\/\/nuvani.shop\/wp-content\/uploads\/2026\/02\/4003a9f167ea06c9e8cb9a7ef370b01cfc1154c2.jpg\" alt=\"\" style=\"aspect-ratio:1;object-fit:cover\" srcset=\"https:\/\/nuvani.shop\/wp-content\/uploads\/2026\/02\/4003a9f167ea06c9e8cb9a7ef370b01cfc1154c2.jpg 960w, https:\/\/nuvani.shop\/wp-content\/uploads\/2026\/02\/4003a9f167ea06c9e8cb9a7ef370b01cfc1154c2-200x300.jpg 200w, https:\/\/nuvani.shop\/wp-content\/uploads\/2026\/02\/4003a9f167ea06c9e8cb9a7ef370b01cfc1154c2-683x1024.jpg 683w, https:\/\/nuvani.shop\/wp-content\/uploads\/2026\/02\/4003a9f167ea06c9e8cb9a7ef370b01cfc1154c2-768x1152.jpg 768w, https:\/\/nuvani.shop\/wp-content\/uploads\/2026\/02\/4003a9f167ea06c9e8cb9a7ef370b01cfc1154c2-8x12.jpg 8w, https:\/\/nuvani.shop\/wp-content\/uploads\/2026\/02\/4003a9f167ea06c9e8cb9a7ef370b01cfc1154c2-600x900.jpg 600w\" sizes=\"auto, (max-width: 960px) 100vw, 960px\" \/><\/figure>\n\n\n\n<figure class=\"wp-block-image is-style-ext-preset--image--natural-1--image-1--content-bottom is-style-ext-preset--image--natural-1--image-1--content-bottom--5\"><img loading=\"lazy\" decoding=\"async\" width=\"960\" height=\"1440\" class=\"wp-image-78\" src=\"https:\/\/nuvani.shop\/wp-content\/uploads\/2026\/02\/67b78eb6d05b33052e063670fc6dd9ae8157b201.jpg\" alt=\"\" style=\"aspect-ratio:1;object-fit:cover\" srcset=\"https:\/\/nuvani.shop\/wp-content\/uploads\/2026\/02\/67b78eb6d05b33052e063670fc6dd9ae8157b201.jpg 960w, https:\/\/nuvani.shop\/wp-content\/uploads\/2026\/02\/67b78eb6d05b33052e063670fc6dd9ae8157b201-200x300.jpg 200w, https:\/\/nuvani.shop\/wp-content\/uploads\/2026\/02\/67b78eb6d05b33052e063670fc6dd9ae8157b201-683x1024.jpg 683w, https:\/\/nuvani.shop\/wp-content\/uploads\/2026\/02\/67b78eb6d05b33052e063670fc6dd9ae8157b201-768x1152.jpg 768w, https:\/\/nuvani.shop\/wp-content\/uploads\/2026\/02\/67b78eb6d05b33052e063670fc6dd9ae8157b201-8x12.jpg 8w, https:\/\/nuvani.shop\/wp-content\/uploads\/2026\/02\/67b78eb6d05b33052e063670fc6dd9ae8157b201-600x900.jpg 600w\" sizes=\"auto, (max-width: 960px) 100vw, 960px\" \/><\/figure>\n<\/div>\n\n\n\n<div class=\"wp-block-column is-vertically-aligned-top is-layout-flow wp-container-core-column-is-layout-f5bb311e wp-block-column-is-layout-flow\">\n<figure class=\"wp-block-image is-style-ext-preset--image--natural-1--image-1--content-bottom is-style-ext-preset--image--natural-1--image-1--content-bottom--6\"><img loading=\"lazy\" decoding=\"async\" width=\"1092\" height=\"1440\" class=\"wp-image-72\" src=\"https:\/\/nuvani.shop\/wp-content\/uploads\/2026\/02\/d51bdfcf6dc4024aac6cab240c121ba95fd164e8.jpg\" alt=\"\" style=\"aspect-ratio:1;object-fit:cover\" srcset=\"https:\/\/nuvani.shop\/wp-content\/uploads\/2026\/02\/d51bdfcf6dc4024aac6cab240c121ba95fd164e8.jpg 1092w, https:\/\/nuvani.shop\/wp-content\/uploads\/2026\/02\/d51bdfcf6dc4024aac6cab240c121ba95fd164e8-228x300.jpg 228w, https:\/\/nuvani.shop\/wp-content\/uploads\/2026\/02\/d51bdfcf6dc4024aac6cab240c121ba95fd164e8-777x1024.jpg 777w, https:\/\/nuvani.shop\/wp-content\/uploads\/2026\/02\/d51bdfcf6dc4024aac6cab240c121ba95fd164e8-768x1013.jpg 768w, https:\/\/nuvani.shop\/wp-content\/uploads\/2026\/02\/d51bdfcf6dc4024aac6cab240c121ba95fd164e8-9x12.jpg 9w, https:\/\/nuvani.shop\/wp-content\/uploads\/2026\/02\/d51bdfcf6dc4024aac6cab240c121ba95fd164e8-600x791.jpg 600w\" sizes=\"auto, (max-width: 1092px) 100vw, 1092px\" \/><\/figure>\n\n\n\n<figure class=\"wp-block-image is-style-ext-preset--image--natural-1--image-1--content-bottom is-style-ext-preset--image--natural-1--image-1--content-bottom--7\"><img loading=\"lazy\" decoding=\"async\" width=\"1152\" height=\"1440\" class=\"wp-image-79\" src=\"https:\/\/nuvani.shop\/wp-content\/uploads\/2026\/02\/faea4e4126b5d9640b2ac4e593afb92d338ebe1c.jpg\" alt=\"\" style=\"aspect-ratio:1;object-fit:cover\" srcset=\"https:\/\/nuvani.shop\/wp-content\/uploads\/2026\/02\/faea4e4126b5d9640b2ac4e593afb92d338ebe1c.jpg 1152w, https:\/\/nuvani.shop\/wp-content\/uploads\/2026\/02\/faea4e4126b5d9640b2ac4e593afb92d338ebe1c-240x300.jpg 240w, https:\/\/nuvani.shop\/wp-content\/uploads\/2026\/02\/faea4e4126b5d9640b2ac4e593afb92d338ebe1c-819x1024.jpg 819w, https:\/\/nuvani.shop\/wp-content\/uploads\/2026\/02\/faea4e4126b5d9640b2ac4e593afb92d338ebe1c-768x960.jpg 768w, https:\/\/nuvani.shop\/wp-content\/uploads\/2026\/02\/faea4e4126b5d9640b2ac4e593afb92d338ebe1c-10x12.jpg 10w, https:\/\/nuvani.shop\/wp-content\/uploads\/2026\/02\/faea4e4126b5d9640b2ac4e593afb92d338ebe1c-600x750.jpg 600w\" sizes=\"auto, (max-width: 1152px) 100vw, 1152px\" \/><\/figure>\n<\/div>\n<\/div>\n<\/div>\n\n<div class=\"wp-block-group alignfull is-style-ext-preset--group--natural-1--section has-tertiary-background-color has-background has-global-padding is-layout-constrained wp-container-core-group-is-layout-e955bbaf wp-block-group-is-layout-constrained is-style-ext-preset--group--natural-1--section--8\" style=\"margin-top:0;margin-bottom:0;padding-top:var(--wp--preset--spacing--70);padding-bottom:var(--wp--preset--spacing--70)\">\n<div class=\"wp-block-group alignwide is-vertical is-layout-flex wp-container-core-group-is-layout-c35747d5 wp-block-group-is-layout-flex\">\n<div class=\"wp-block-group has-global-padding is-layout-constrained wp-container-core-group-is-layout-5e05634a wp-block-group-is-layout-constrained\">\n<h2 class=\"wp-block-heading\">Discover timeless splendour and unparalleled quality.<\/h2>\n\n\n\n<p class=\"has-text-align-left\">This gallery showcases the beauty and craftsmanship of our exclusive 585 gold jewellery collection.<\/p>\n<\/div>\n<\/div>\n\n\n\n<div class=\"wp-block-columns alignwide is-layout-flex wp-container-core-columns-is-layout-174606dc wp-block-columns-is-layout-flex\">\n<div class=\"wp-block-column is-vertically-aligned-stretch is-layout-flow wp-container-core-column-is-layout-119bc444 wp-block-column-is-layout-flow\">\n<div class=\"wp-block-cover is-style-ext-preset--image--natural-1--image-1--content-right is-style-ext-preset--image--natural-1--image-1--content-right--9\" style=\"padding-top:0;padding-bottom:0;min-height:100%;aspect-ratio:unset;\"><img loading=\"lazy\" decoding=\"async\" width=\"1440\" height=\"959\" class=\"wp-block-cover__image-background wp-image-80\" alt=\"\" src=\"https:\/\/nuvani.shop\/wp-content\/uploads\/2026\/02\/2734b5e06e8286b25abf49e864df86ad14719004.jpg\" data-object-fit=\"cover\" srcset=\"https:\/\/nuvani.shop\/wp-content\/uploads\/2026\/02\/2734b5e06e8286b25abf49e864df86ad14719004.jpg 1440w, https:\/\/nuvani.shop\/wp-content\/uploads\/2026\/02\/2734b5e06e8286b25abf49e864df86ad14719004-300x200.jpg 300w, https:\/\/nuvani.shop\/wp-content\/uploads\/2026\/02\/2734b5e06e8286b25abf49e864df86ad14719004-1024x682.jpg 1024w, https:\/\/nuvani.shop\/wp-content\/uploads\/2026\/02\/2734b5e06e8286b25abf49e864df86ad14719004-768x511.jpg 768w, https:\/\/nuvani.shop\/wp-content\/uploads\/2026\/02\/2734b5e06e8286b25abf49e864df86ad14719004-18x12.jpg 18w, https:\/\/nuvani.shop\/wp-content\/uploads\/2026\/02\/2734b5e06e8286b25abf49e864df86ad14719004-600x400.jpg 600w\" sizes=\"auto, (max-width: 1440px) 100vw, 1440px\" \/><span aria-hidden=\"true\" class=\"wp-block-cover__background has-background-dim-0 has-background-dim\"><\/span><div class=\"wp-block-cover__inner-container is-layout-flow wp-block-cover-is-layout-flow\">\n<div style=\"height:240px\" aria-hidden=\"true\" class=\"wp-block-spacer\"><\/div>\n<\/div><\/div>\n<\/div>\n\n\n\n<div class=\"wp-block-column is-vertically-aligned-center is-layout-flow wp-block-column-is-layout-flow\">\n<div class=\"wp-block-group is-style-ext-preset--group--natural-1--item-card-1--align-start has-global-padding is-layout-constrained wp-block-group-is-layout-constrained is-style-ext-preset--group--natural-1--item-card-1--align-start--10\">\n<div class=\"wp-block-group is-style-default has-global-padding is-layout-constrained wp-block-group-is-layout-constrained\">\n<div class=\"wp-block-group is-nowrap is-layout-flex wp-container-core-group-is-layout-64fa2afa wp-block-group-is-layout-flex\" style=\"padding-top:0;padding-right:0;padding-bottom:0;padding-left:0\">\n<figure class=\"wp-block-image size-large ext-aspect-landscape wp-duotone-primary-foreground\"><img decoding=\"async\" src=\"data:image\/svg+xml;base64,PHN2ZyB4bWxucz0iaHR0cDovL3d3dy53My5vcmcvMjAwMC9zdmciIHdpZHRoPSI0OCIgaGVpZ2h0PSI0OCIgZmlsbD0iIzAwMDAwMCIgdmlld0JveD0iMCAwIDI1NiAyNTYiPjxwYXRoIGQ9Ik0xNzIsNzZhNDQsNDQsMCwxLDAtNDQsNDRBNDQuMDUsNDQuMDUsMCwwLDAsMTcyLDc2Wm0tNDQsMjhhMjgsMjgsMCwxLDEsMjgtMjhBMjgsMjgsMCwwLDEsMTI4LDEwNFptNjAsMjRhNDQsNDQsMCwxLDAsNDQsNDRBNDQuMDUsNDQuMDUsMCwwLDAsMTg4LDEyOFptMCw3MmEyOCwyOCwwLDEsMSwyOC0yOEEyOCwyOCwwLDAsMSwxODgsMjAwWk02OCwxMjhhNDQsNDQsMCwxLDAsNDQsNDRBNDQuMDUsNDQuMDUsMCwwLDAsNjgsMTI4Wm0wLDcyYTI4LDI4LDAsMSwxLDI4LTI4QTI4LDI4LDAsMCwxLDY4LDIwMFoiPjwvcGF0aD48L3N2Zz4=\" alt=\"\" style=\"object-fit:cover\"\/><\/figure>\n\n\n\n<div class=\"wp-block-group wp-container-content-958eb9dc has-global-padding is-layout-constrained wp-container-core-group-is-layout-c06d165c wp-block-group-is-layout-constrained\" style=\"padding-top:0;padding-right:0;padding-bottom:0;padding-left:0\">\n<h3 class=\"wp-block-heading\">Elegance in every detail.<\/h3>\n\n\n\n<p>Our jewellery is carefully crafted to emphasise self-confidence and success every day.<\/p>\n<\/div>\n<\/div>\n<\/div>\n<\/div>\n\n\n\n<div class=\"wp-block-group is-style-ext-preset--group--natural-1--item-card-1--align-start has-global-padding is-layout-constrained wp-block-group-is-layout-constrained is-style-ext-preset--group--natural-1--item-card-1--align-start--11\">\n<div class=\"wp-block-group is-style-default has-global-padding is-layout-constrained wp-block-group-is-layout-constrained\">\n<div class=\"wp-block-group is-nowrap is-layout-flex wp-container-core-group-is-layout-64fa2afa wp-block-group-is-layout-flex\" style=\"padding-top:0;padding-right:0;padding-bottom:0;padding-left:0\">\n<figure class=\"wp-block-image size-large ext-aspect-landscape wp-duotone-primary-foreground\"><img decoding=\"async\" src=\"data:image\/svg+xml;base64,PHN2ZyB4bWxucz0iaHR0cDovL3d3dy53My5vcmcvMjAwMC9zdmciIHdpZHRoPSI0OCIgaGVpZ2h0PSI0OCIgZmlsbD0iIzAwMDAwMCIgdmlld0JveD0iMCAwIDI1NiAyNTYiPjxwYXRoIGQ9Ik04MCw0MGE0MCw0MCwwLDEsMCw0MCw0MEE0MCw0MCwwLDAsMCw4MCw0MFptMCw2NGEyNCwyNCwwLDEsMSwyNC0yNEEyNCwyNCwwLDAsMSw4MCwxMDRabTk2LDE2YTQwLDQwLDAsMSwwLTQwLTQwQTQwLDQwLDAsMCwwLDE3NiwxMjBabTAtNjRhMjQsMjQsMCwxLDEtMjQsMjRBMjQsMjQsMCwwLDEsMTc2LDU2Wk04MCwxMzZhNDAsNDAsMCwxLDAsNDAsNDBBNDAsNDAsMCwwLDAsODAsMTM2Wm0wLDY0YTI0LDI0LDAsMSwxLDI0LTI0QTI0LDI0LDAsMCwxLDgwLDIwMFptOTYtNjRhNDAsNDAsMCwxLDAsNDAsNDBBNDAsNDAsMCwwLDAsMTc2LDEzNlptMCw2NGEyNCwyNCwwLDEsMSwyNC0yNEEyNCwyNCwwLDAsMSwxNzYsMjAwWiI+PC9wYXRoPjwvc3ZnPg==\" alt=\"\" style=\"object-fit:cover\"\/><\/figure>\n\n\n\n<div class=\"wp-block-group wp-container-content-958eb9dc has-global-padding is-layout-constrained wp-container-core-group-is-layout-c06d165c wp-block-group-is-layout-constrained\" style=\"padding-top:0;padding-right:0;padding-bottom:0;padding-left:0\">\n<h3 class=\"wp-block-heading\">A symbol of your achievements.<\/h3>\n\n\n\n<p>Each design inspires and motivates you to boldly pursue your personal goals.<\/p>\n<\/div>\n<\/div>\n<\/div>\n<\/div>\n\n\n\n<div class=\"wp-block-group is-style-ext-preset--group--natural-1--item-card-1--align-start has-global-padding is-layout-constrained wp-block-group-is-layout-constrained is-style-ext-preset--group--natural-1--item-card-1--align-start--12\">\n<div class=\"wp-block-group is-style-default has-global-padding is-layout-constrained wp-block-group-is-layout-constrained\">\n<div class=\"wp-block-group is-nowrap is-layout-flex wp-container-core-group-is-layout-64fa2afa wp-block-group-is-layout-flex\" style=\"padding-top:0;padding-right:0;padding-bottom:0;padding-left:0\">\n<figure class=\"wp-block-image size-large ext-aspect-landscape wp-duotone-primary-foreground\"><img decoding=\"async\" src=\"data:image\/svg+xml;base64,PHN2ZyB4bWxucz0iaHR0cDovL3d3dy53My5vcmcvMjAwMC9zdmciIHdpZHRoPSI0OCIgaGVpZ2h0PSI0OCIgZmlsbD0iIzAwMDAwMCIgdmlld0JveD0iMCAwIDI1NiAyNTYiPjxwYXRoIGQ9Ik04MCw0MGE0MCw0MCwwLDEsMCw0MCw0MEE0MCw0MCwwLDAsMCw4MCw0MFptMCw2NGEyNCwyNCwwLDEsMSwyNC0yNEEyNCwyNCwwLDAsMSw4MCwxMDRabTk2LDE2YTQwLDQwLDAsMSwwLTQwLTQwQTQwLDQwLDAsMCwwLDE3NiwxMjBabTAtNjRhMjQsMjQsMCwxLDEtMjQsMjRBMjQsMjQsMCwwLDEsMTc2LDU2Wk04MCwxMzZhNDAsNDAsMCwxLDAsNDAsNDBBNDAsNDAsMCwwLDAsODAsMTM2Wm0wLDY0YTI0LDI0LDAsMSwxLDI0LTI0QTI0LDI0LDAsMCwxLDgwLDIwMFptMTM2LTI0YTgsOCwwLDAsMS04LDhIMTg0djI0YTgsOCwwLDAsMS0xNiwwVjE4NEgxNDRhOCw4LDAsMCwxLDAtMTZoMjRWMTQ0YTgsOCwwLDAsMSwxNiwwdjI0aDI0QTgsOCwwLDAsMSwyMTYsMTc2WiI+PC9wYXRoPjwvc3ZnPg==\" alt=\"\" style=\"object-fit:cover\"\/><\/figure>\n\n\n\n<div class=\"wp-block-group wp-container-content-958eb9dc has-global-padding is-layout-constrained wp-container-core-group-is-layout-c06d165c wp-block-group-is-layout-constrained\" style=\"padding-top:0;padding-right:0;padding-bottom:0;padding-left:0\">\n<h3 class=\"wp-block-heading\">Shine that tells stories.<\/h3>\n\n\n\n<p>Each pendant and ring is an expression of your uniqueness and your pursuit of excellence.<\/p>\n<\/div>\n<\/div>\n<\/div>\n<\/div>\n\n\n\n<div class=\"wp-block-buttons is-content-justification-center is-layout-flex wp-container-core-buttons-is-layout-a89b3969 wp-block-buttons-is-layout-flex\">\n<div class=\"wp-block-button has-custom-width wp-block-button__width-100 is-style-ext-preset--button--natural-1--button-1 is-style-ext-preset--button--natural-1--button-1--13\"><a class=\"wp-block-button__link wp-element-button\" href=\"https:\/\/nuvani.shop\/en\/ueber\/\">Discover more<\/a><\/div>\n<\/div>\n<\/div>\n<\/div>\n<\/div>\n\n<div class=\"wp-block-group alignfull is-style-ext-preset--group--natural-1--section has-background-background-color has-background has-global-padding is-layout-constrained wp-container-core-group-is-layout-f72f1611 wp-block-group-is-layout-constrained is-style-ext-preset--group--natural-1--section--14\" id=\"funktionen\" style=\"margin-top:0;margin-bottom:0;padding-top:var(--wp--preset--spacing--70);padding-bottom:var(--wp--preset--spacing--70)\">\n<div class=\"wp-block-group alignwide is-vertical is-layout-flex wp-container-core-group-is-layout-c35747d5 wp-block-group-is-layout-flex\">\n<div class=\"wp-block-group has-global-padding is-layout-constrained wp-container-core-group-is-layout-5e05634a wp-block-group-is-layout-constrained\">\n<h2 class=\"wp-block-heading\">Exquisite 585 gold jewellery for your everyday sparkle<\/h2>\n\n\n\n<p class=\"has-text-align-left\">Our collection combines timeless elegance with the strength of confident women to let your personality shine through.<\/p>\n<\/div>\n<\/div>\n\n\n\n<div class=\"wp-block-columns alignwide is-layout-flex wp-container-core-columns-is-layout-08c01c1c wp-block-columns-is-layout-flex\">\n<div class=\"wp-block-column is-vertically-aligned-stretch is-layout-flow wp-container-core-column-is-layout-f5bb311e wp-block-column-is-layout-flow\">\n<div class=\"wp-block-group is-style-ext-preset--group--natural-1--item-card-1--align-start has-global-padding is-layout-constrained wp-block-group-is-layout-constrained is-style-ext-preset--group--natural-1--item-card-1--align-start--15\">\n<div class=\"wp-block-group is-style-default has-global-padding is-layout-constrained wp-block-group-is-layout-constrained\">\n<figure class=\"wp-block-image size-large ext-aspect-landscape wp-duotone-primary-foreground\"><img decoding=\"async\" src=\"data:image\/svg+xml;base64,PHN2ZyB4bWxucz0iaHR0cDovL3d3dy53My5vcmcvMjAwMC9zdmciIHdpZHRoPSI0OCIgaGVpZ2h0PSI0OCIgZmlsbD0iIzAwMDAwMCIgdmlld0JveD0iMCAwIDI1NiAyNTYiPjxwYXRoIGQ9Ik0xNzIsNzZhNDQsNDQsMCwxLDAtNDQsNDRBNDQuMDUsNDQuMDUsMCwwLDAsMTcyLDc2Wm0tNDQsMjhhMjgsMjgsMCwxLDEsMjgtMjhBMjgsMjgsMCwwLDEsMTI4LDEwNFptNjAsMjRhNDQsNDQsMCwxLDAsNDQsNDRBNDQuMDUsNDQuMDUsMCwwLDAsMTg4LDEyOFptMCw3MmEyOCwyOCwwLDEsMSwyOC0yOEEyOCwyOCwwLDAsMSwxODgsMjAwWk02OCwxMjhhNDQsNDQsMCwxLDAsNDQsNDRBNDQuMDUsNDQuMDUsMCwwLDAsNjgsMTI4Wm0wLDcyYTI4LDI4LDAsMSwxLDI4LTI4QTI4LDI4LDAsMCwxLDY4LDIwMFoiPjwvcGF0aD48L3N2Zz4=\" alt=\"\" style=\"object-fit:cover\"\/><\/figure>\n\n\n\n<h3 class=\"wp-block-heading\">Handcrafted elegance<\/h3>\n\n\n\n<p>Each piece of jewellery is carefully handcrafted and captivates with its unique details.<\/p>\n<\/div>\n<\/div>\n<\/div>\n\n\n\n<div class=\"wp-block-column is-vertically-aligned-stretch is-layout-flow wp-container-core-column-is-layout-f5bb311e wp-block-column-is-layout-flow\">\n<div class=\"wp-block-group is-style-ext-preset--group--natural-1--item-card-1--align-start has-global-padding is-layout-constrained wp-block-group-is-layout-constrained is-style-ext-preset--group--natural-1--item-card-1--align-start--16\">\n<div class=\"wp-block-group is-style-default has-global-padding is-layout-constrained wp-block-group-is-layout-constrained\">\n<figure class=\"wp-block-image size-large ext-aspect-landscape wp-duotone-primary-foreground\"><img decoding=\"async\" src=\"data:image\/svg+xml;base64,PHN2ZyB4bWxucz0iaHR0cDovL3d3dy53My5vcmcvMjAwMC9zdmciIHdpZHRoPSI0OCIgaGVpZ2h0PSI0OCIgZmlsbD0iIzAwMDAwMCIgdmlld0JveD0iMCAwIDI1NiAyNTYiPjxwYXRoIGQ9Ik04MCw0MGE0MCw0MCwwLDEsMCw0MCw0MEE0MCw0MCwwLDAsMCw4MCw0MFptMCw2NGEyNCwyNCwwLDEsMSwyNC0yNEEyNCwyNCwwLDAsMSw4MCwxMDRabTk2LDE2YTQwLDQwLDAsMSwwLTQwLTQwQTQwLDQwLDAsMCwwLDE3NiwxMjBabTAtNjRhMjQsMjQsMCwxLDEtMjQsMjRBMjQsMjQsMCwwLDEsMTc2LDU2Wk04MCwxMzZhNDAsNDAsMCwxLDAsNDAsNDBBNDAsNDAsMCwwLDAsODAsMTM2Wm0wLDY0YTI0LDI0LDAsMSwxLDI0LTI0QTI0LDI0LDAsMCwxLDgwLDIwMFptOTYtNjRhNDAsNDAsMCwxLDAsNDAsNDBBNDAsNDAsMCwwLDAsMTc2LDEzNlptMCw2NGEyNCwyNCwwLDEsMSwyNC0yNEEyNCwyNCwwLDAsMSwxNzYsMjAwWiI+PC9wYXRoPjwvc3ZnPg==\" alt=\"\" style=\"object-fit:cover\"\/><\/figure>\n\n\n\n<h3 class=\"wp-block-heading\">Symbolism and meaning<\/h3>\n\n\n\n<p>Our designs carry profound messages that reflect your dreams and achievements.<\/p>\n<\/div>\n<\/div>\n<\/div>\n\n\n\n<div class=\"wp-block-column is-vertically-aligned-stretch is-layout-flow wp-container-core-column-is-layout-f5bb311e wp-block-column-is-layout-flow\">\n<div class=\"wp-block-group is-style-ext-preset--group--natural-1--item-card-1--align-start has-global-padding is-layout-constrained wp-block-group-is-layout-constrained is-style-ext-preset--group--natural-1--item-card-1--align-start--17\">\n<div class=\"wp-block-group is-style-default has-global-padding is-layout-constrained wp-block-group-is-layout-constrained\">\n<figure class=\"wp-block-image size-large ext-aspect-landscape wp-duotone-primary-foreground\"><img decoding=\"async\" src=\"data:image\/svg+xml;base64,PHN2ZyB4bWxucz0iaHR0cDovL3d3dy53My5vcmcvMjAwMC9zdmciIHdpZHRoPSI0OCIgaGVpZ2h0PSI0OCIgZmlsbD0iIzAwMDAwMCIgdmlld0JveD0iMCAwIDI1NiAyNTYiPjxwYXRoIGQ9Ik04MCw0MGE0MCw0MCwwLDEsMCw0MCw0MEE0MCw0MCwwLDAsMCw4MCw0MFptMCw2NGEyNCwyNCwwLDEsMSwyNC0yNEEyNCwyNCwwLDAsMSw4MCwxMDRabTk2LDE2YTQwLDQwLDAsMSwwLTQwLTQwQTQwLDQwLDAsMCwwLDE3NiwxMjBabTAtNjRhMjQsMjQsMCwxLDEtMjQsMjRBMjQsMjQsMCwwLDEsMTc2LDU2Wk04MCwxMzZhNDAsNDAsMCwxLDAsNDAsNDBBNDAsNDAsMCwwLDAsODAsMTM2Wm0wLDY0YTI0LDI0LDAsMSwxLDI0LTI0QTI0LDI0LDAsMCwxLDgwLDIwMFptMTM2LTI0YTgsOCwwLDAsMS04LDhIMTg0djI0YTgsOCwwLDAsMS0xNiwwVjE4NEgxNDRhOCw4LDAsMCwxLDAtMTZoMjRWMTQ0YTgsOCwwLDAsMSwxNiwwdjI0aDI0QTgsOCwwLDAsMSwyMTYsMTc2WiI+PC9wYXRoPjwvc3ZnPg==\" alt=\"\" style=\"object-fit:cover\"\/><\/figure>\n\n\n\n<h3 class=\"wp-block-heading\">Exclusivity and quality<\/h3>\n\n\n\n<p>Only high-quality 585 gold guarantees durability and a radiant appearance.<\/p>\n<\/div>\n<\/div>\n<\/div>\n<\/div>\n<\/div>","protected":false},"excerpt":{"rendered":"<p>Ein Zeichen f\u00fcr Stil und Erfolg Entdecken Sie eine Galerie, die die Eleganz und den Glanz unserer Goldschmuckst\u00fccke eindrucksvoll pr\u00e4sentiert. Entdecken Sie zeitlosen Glanz und unvergleichliche Qualit\u00e4t. Diese Galerie zeigt die Sch\u00f6nheit und Handwerkskunst unserer exklusiven 585er Goldschmuck-Kollektion. Eleganz in jedem Detail. Unsere Schmuckst\u00fccke sind sorgf\u00e4ltig gefertigt, um Selbstbewusstsein und Erfolg t\u00e4glich zu unterstreichen. Symbol [&hellip;]<\/p>\n","protected":false},"author":1,"featured_media":0,"parent":0,"menu_order":0,"comment_status":"closed","ping_status":"closed","template":"page-with-title","meta":{"footnotes":""},"class_list":["post-42","page","type-page","status-publish","hentry"],"aioseo_notices":[],"_links":{"self":[{"href":"https:\/\/nuvani.shop\/en\/wp-json\/wp\/v2\/pages\/42","targetHints":{"allow":["GET"]}}],"collection":[{"href":"https:\/\/nuvani.shop\/en\/wp-json\/wp\/v2\/pages"}],"about":[{"href":"https:\/\/nuvani.shop\/en\/wp-json\/wp\/v2\/types\/page"}],"author":[{"embeddable":true,"href":"https:\/\/nuvani.shop\/en\/wp-json\/wp\/v2\/users\/1"}],"replies":[{"embeddable":true,"href":"https:\/\/nuvani.shop\/en\/wp-json\/wp\/v2\/comments?post=42"}],"version-history":[{"count":2,"href":"https:\/\/nuvani.shop\/en\/wp-json\/wp\/v2\/pages\/42\/revisions"}],"predecessor-version":[{"id":81,"href":"https:\/\/nuvani.shop\/en\/wp-json\/wp\/v2\/pages\/42\/revisions\/81"}],"wp:attachment":[{"href":"https:\/\/nuvani.shop\/en\/wp-json\/wp\/v2\/media?parent=42"}],"curies":[{"name":"wp","href":"https:\/\/api.w.org\/{rel}","templated":true}]}}