{"id":60,"date":"2026-02-20T13:35:55","date_gmt":"2026-02-20T13:35:55","guid":{"rendered":"https:\/\/nuvani.shop\/produkt\/goldene-halskette-mit-herzanhaenger\/"},"modified":"2026-03-25T08:25:15","modified_gmt":"2026-03-25T08:25:15","slug":"goldene-halskette-mit-herzanhaenger","status":"publish","type":"product","link":"https:\/\/nuvani.shop\/en\/product\/goldene-halskette-mit-herzanhaenger\/","title":{"rendered":"Goldene Halskette mit Herzanh\u00e4nger"},"content":{"rendered":"<p>Diese bezaubernde Halskette aus 585er Gold ist mit einem herzf\u00f6rmigen Anh\u00e4nger versehen, der Liebe und Zuneigung symbolisiert. Ein ideales Geschenk f\u00fcr besondere Anl\u00e4sse.<\/p>","protected":false},"excerpt":{"rendered":"<p>Diese bezaubernde Halskette aus 585er Gold ist mit einem herzf\u00f6rmigen Anh\u00e4nger versehen, der Liebe und Zuneigung symbolisiert. Ein ideales Geschenk f\u00fcr besondere Anl\u00e4sse.<\/p>","protected":false},"featured_media":141,"comment_status":"open","ping_status":"closed","template":"","meta":[],"product_brand":[],"product_cat":[19],"product_tag":[],"class_list":{"0":"post-60","1":"product","2":"type-product","3":"status-publish","4":"has-post-thumbnail","6":"product_cat-halsketten","8":"first","9":"instock","10":"shipping-taxable","11":"purchasable","12":"product-type-simple"},"aioseo_notices":[],"_links":{"self":[{"href":"https:\/\/nuvani.shop\/en\/wp-json\/wp\/v2\/product\/60","targetHints":{"allow":["GET"]}}],"collection":[{"href":"https:\/\/nuvani.shop\/en\/wp-json\/wp\/v2\/product"}],"about":[{"href":"https:\/\/nuvani.shop\/en\/wp-json\/wp\/v2\/types\/product"}],"replies":[{"embeddable":true,"href":"https:\/\/nuvani.shop\/en\/wp-json\/wp\/v2\/comments?post=60"}],"wp:featuredmedia":[{"embeddable":true,"href":"https:\/\/nuvani.shop\/en\/wp-json\/wp\/v2\/media\/141"}],"wp:attachment":[{"href":"https:\/\/nuvani.shop\/en\/wp-json\/wp\/v2\/media?parent=60"}],"wp:term":[{"taxonomy":"product_brand","embeddable":true,"href":"https:\/\/nuvani.shop\/en\/wp-json\/wp\/v2\/product_brand?post=60"},{"taxonomy":"product_cat","embeddable":true,"href":"https:\/\/nuvani.shop\/en\/wp-json\/wp\/v2\/product_cat?post=60"},{"taxonomy":"product_tag","embeddable":true,"href":"https:\/\/nuvani.shop\/en\/wp-json\/wp\/v2\/product_tag?post=60"}],"curies":[{"name":"wp","href":"https:\/\/api.w.org\/{rel}","templated":true}]}}