{"id":49,"date":"2026-02-20T13:35:53","date_gmt":"2026-02-20T13:35:53","guid":{"rendered":"https:\/\/nuvani.shop\/produkt\/luxurioeser-goldring-mit-diamant\/"},"modified":"2026-03-25T08:48:07","modified_gmt":"2026-03-25T08:48:07","slug":"luxurioeser-goldring-mit-diamant","status":"publish","type":"product","link":"https:\/\/nuvani.shop\/nl\/product\/luxurioeser-goldring-mit-diamant\/","title":{"rendered":"Luxuri\u00f6ser Goldring mit Diamant"},"content":{"rendered":"<p>Ein atemberaubender Goldring aus 585er Gold, verziert mit einem funkelnden Diamanten. Dieser Ring ist das ultimative Symbol f\u00fcr Luxus und Eleganz und eignet sich perfekt als Geschenk f\u00fcr besondere Anl\u00e4sse oder als t\u00e4gliche Erinnerung an die eigenen Erfolge.<\/p>","protected":false},"excerpt":{"rendered":"<p>Ein atemberaubender Goldring aus 585er Gold, verziert mit einem funkelnden Diamanten. Dieser Ring ist das ultimative Symbol f\u00fcr Luxus und Eleganz und eignet sich perfekt als Geschenk f\u00fcr besondere Anl\u00e4sse oder als t\u00e4gliche Erinnerung an die eigenen Erfolge.<\/p>","protected":false},"featured_media":170,"comment_status":"open","ping_status":"closed","template":"","meta":[],"product_brand":[],"product_cat":[20],"product_tag":[],"class_list":{"0":"post-49","1":"product","2":"type-product","3":"status-publish","4":"has-post-thumbnail","6":"product_cat-ringe","8":"first","9":"instock","10":"shipping-taxable","11":"purchasable","12":"product-type-simple"},"aioseo_notices":[],"_links":{"self":[{"href":"https:\/\/nuvani.shop\/nl\/wp-json\/wp\/v2\/product\/49","targetHints":{"allow":["GET"]}}],"collection":[{"href":"https:\/\/nuvani.shop\/nl\/wp-json\/wp\/v2\/product"}],"about":[{"href":"https:\/\/nuvani.shop\/nl\/wp-json\/wp\/v2\/types\/product"}],"replies":[{"embeddable":true,"href":"https:\/\/nuvani.shop\/nl\/wp-json\/wp\/v2\/comments?post=49"}],"wp:featuredmedia":[{"embeddable":true,"href":"https:\/\/nuvani.shop\/nl\/wp-json\/wp\/v2\/media\/170"}],"wp:attachment":[{"href":"https:\/\/nuvani.shop\/nl\/wp-json\/wp\/v2\/media?parent=49"}],"wp:term":[{"taxonomy":"product_brand","embeddable":true,"href":"https:\/\/nuvani.shop\/nl\/wp-json\/wp\/v2\/product_brand?post=49"},{"taxonomy":"product_cat","embeddable":true,"href":"https:\/\/nuvani.shop\/nl\/wp-json\/wp\/v2\/product_cat?post=49"},{"taxonomy":"product_tag","embeddable":true,"href":"https:\/\/nuvani.shop\/nl\/wp-json\/wp\/v2\/product_tag?post=49"}],"curies":[{"name":"wp","href":"https:\/\/api.w.org\/{rel}","templated":true}]}}