{"id":52,"date":"2026-02-20T13:35:53","date_gmt":"2026-02-20T13:35:53","guid":{"rendered":"https:\/\/nuvani.shop\/produkt\/filigrane-goldkette-mit-anhaenger\/"},"modified":"2026-03-25T08:41:08","modified_gmt":"2026-03-25T08:41:08","slug":"filigrane-goldkette-mit-anhaenger","status":"publish","type":"product","link":"https:\/\/nuvani.shop\/nl\/product\/filigrane-goldkette-mit-anhaenger\/","title":{"rendered":"Filigrane gouden ketting met hanger"},"content":{"rendered":"<p>Diese filigrane Goldkette aus 585er Gold wird durch einen eleganten Anh\u00e4nger erg\u00e4nzt, der jedem Outfit einen Hauch von Glamour verleiht. Ideal f\u00fcr den t\u00e4glichen Gebrauch oder als besonderes Geschenk.<\/p>","protected":false},"excerpt":{"rendered":"<p>Diese filigrane Goldkette aus 585er Gold wird durch einen eleganten Anh\u00e4nger erg\u00e4nzt, der jedem Outfit einen Hauch von Glamour verleiht. Ideal f\u00fcr den t\u00e4glichen Gebrauch oder als besonderes Geschenk.<\/p>","protected":false},"featured_media":160,"comment_status":"open","ping_status":"closed","template":"","meta":[],"product_brand":[],"product_cat":[19],"product_tag":[],"class_list":{"0":"post-52","1":"product","2":"type-product","3":"status-publish","4":"has-post-thumbnail","6":"product_cat-halsketten","8":"first","9":"instock","10":"shipping-taxable","11":"purchasable","12":"product-type-simple"},"aioseo_notices":[],"_links":{"self":[{"href":"https:\/\/nuvani.shop\/nl\/wp-json\/wp\/v2\/product\/52","targetHints":{"allow":["GET"]}}],"collection":[{"href":"https:\/\/nuvani.shop\/nl\/wp-json\/wp\/v2\/product"}],"about":[{"href":"https:\/\/nuvani.shop\/nl\/wp-json\/wp\/v2\/types\/product"}],"replies":[{"embeddable":true,"href":"https:\/\/nuvani.shop\/nl\/wp-json\/wp\/v2\/comments?post=52"}],"wp:featuredmedia":[{"embeddable":true,"href":"https:\/\/nuvani.shop\/nl\/wp-json\/wp\/v2\/media\/160"}],"wp:attachment":[{"href":"https:\/\/nuvani.shop\/nl\/wp-json\/wp\/v2\/media?parent=52"}],"wp:term":[{"taxonomy":"product_brand","embeddable":true,"href":"https:\/\/nuvani.shop\/nl\/wp-json\/wp\/v2\/product_brand?post=52"},{"taxonomy":"product_cat","embeddable":true,"href":"https:\/\/nuvani.shop\/nl\/wp-json\/wp\/v2\/product_cat?post=52"},{"taxonomy":"product_tag","embeddable":true,"href":"https:\/\/nuvani.shop\/nl\/wp-json\/wp\/v2\/product_tag?post=52"}],"curies":[{"name":"wp","href":"https:\/\/api.w.org\/{rel}","templated":true}]}}