{"id":57,"date":"2026-02-20T13:35:54","date_gmt":"2026-02-20T13:35:54","guid":{"rendered":"https:\/\/nuvani.shop\/produkt\/goldarmband-mit-charms\/"},"modified":"2026-03-25T08:33:56","modified_gmt":"2026-03-25T08:33:56","slug":"goldarmband-mit-charms","status":"publish","type":"product","link":"https:\/\/nuvani.shop\/nl\/product\/goldarmband-mit-charms\/","title":{"rendered":"Goldarmband mit Charms"},"content":{"rendered":"<p>Dieses charmante Armband aus 585er Gold ist mit verschiedenen Charms verziert, die individuell ausgew\u00e4hlt werden k\u00f6nnen. Ein perfektes Geschenk f\u00fcr besondere Momente oder als pers\u00f6nliches Accessoire.<\/p>","protected":false},"excerpt":{"rendered":"<p>Dieses charmante Armband aus 585er Gold ist mit verschiedenen Charms verziert, die individuell ausgew\u00e4hlt werden k\u00f6nnen. Ein perfektes Geschenk f\u00fcr besondere Momente oder als pers\u00f6nliches Accessoire.<\/p>","protected":false},"featured_media":149,"comment_status":"open","ping_status":"closed","template":"","meta":[],"product_brand":[],"product_cat":[22],"product_tag":[],"class_list":{"0":"post-57","1":"product","2":"type-product","3":"status-publish","4":"has-post-thumbnail","6":"product_cat-armbaender","8":"first","9":"instock","10":"shipping-taxable","11":"purchasable","12":"product-type-simple"},"aioseo_notices":[],"_links":{"self":[{"href":"https:\/\/nuvani.shop\/nl\/wp-json\/wp\/v2\/product\/57","targetHints":{"allow":["GET"]}}],"collection":[{"href":"https:\/\/nuvani.shop\/nl\/wp-json\/wp\/v2\/product"}],"about":[{"href":"https:\/\/nuvani.shop\/nl\/wp-json\/wp\/v2\/types\/product"}],"replies":[{"embeddable":true,"href":"https:\/\/nuvani.shop\/nl\/wp-json\/wp\/v2\/comments?post=57"}],"wp:featuredmedia":[{"embeddable":true,"href":"https:\/\/nuvani.shop\/nl\/wp-json\/wp\/v2\/media\/149"}],"wp:attachment":[{"href":"https:\/\/nuvani.shop\/nl\/wp-json\/wp\/v2\/media?parent=57"}],"wp:term":[{"taxonomy":"product_brand","embeddable":true,"href":"https:\/\/nuvani.shop\/nl\/wp-json\/wp\/v2\/product_brand?post=57"},{"taxonomy":"product_cat","embeddable":true,"href":"https:\/\/nuvani.shop\/nl\/wp-json\/wp\/v2\/product_cat?post=57"},{"taxonomy":"product_tag","embeddable":true,"href":"https:\/\/nuvani.shop\/nl\/wp-json\/wp\/v2\/product_tag?post=57"}],"curies":[{"name":"wp","href":"https:\/\/api.w.org\/{rel}","templated":true}]}}